{"id":1199,"date":"2024-09-03T08:33:10","date_gmt":"2024-09-03T06:33:10","guid":{"rendered":"https:\/\/www.eosverona.com\/new\/?page_id=1199"},"modified":"2024-10-29T06:59:35","modified_gmt":"2024-10-29T05:59:35","slug":"trafile-e-ricambi-vari-per-pellettatrici-anulari-3","status":"publish","type":"page","link":"https:\/\/www.eosverona.com\/new\/es\/trafile-e-ricambi-vari-per-pellettatrici-anulari-3\/","title":{"rendered":"TRAFILE E RICAMBI VARI per PELLETTATRICI ANULARI"},"content":{"rendered":"\n<h2 class=\"wp-block-heading has-text-align-center has-vivid-purple-color has-text-color has-link-color wp-elements-f2a12de80502171ecb431f168b0c2738\">MATRIZES Y REPUESTOS VARIOS para PELETIZADORAS ANULARES<\/h2>\n\n\n\n<div class=\"wp-block-columns is-layout-flex wp-container-core-columns-layout-1 wp-block-columns-is-layout-flex\">\n<div class=\"wp-block-column is-layout-flow wp-block-column-is-layout-flow\">\n<figure class=\"wp-block-image aligncenter size-full is-resized\"><img loading=\"lazy\" decoding=\"async\" width=\"999\" height=\"644\" src=\"https:\/\/www.eosverona.com\/new\/wp-content\/uploads\/2024\/06\/trafile-e-ricambi-anulari-01.jpg\" alt=\"\" class=\"wp-image-529\" style=\"width:457px;height:auto\" srcset=\"https:\/\/www.eosverona.com\/new\/wp-content\/uploads\/2024\/06\/trafile-e-ricambi-anulari-01.jpg 999w, https:\/\/www.eosverona.com\/new\/wp-content\/uploads\/2024\/06\/trafile-e-ricambi-anulari-01-300x193.jpg 300w, https:\/\/www.eosverona.com\/new\/wp-content\/uploads\/2024\/06\/trafile-e-ricambi-anulari-01-768x495.jpg 768w\" sizes=\"(max-width: 999px) 100vw, 999px\" \/><\/figure>\n<\/div>\n\n\n\n<div class=\"wp-block-column is-layout-flow wp-block-column-is-layout-flow\">\n<figure class=\"wp-block-image aligncenter size-full is-resized\"><img loading=\"lazy\" decoding=\"async\" width=\"518\" height=\"543\" src=\"https:\/\/www.eosverona.com\/new\/wp-content\/uploads\/2024\/06\/trafile-e-ricambi-anulari-02.jpg\" alt=\"\" class=\"wp-image-530\" style=\"width:282px;height:auto\" srcset=\"https:\/\/www.eosverona.com\/new\/wp-content\/uploads\/2024\/06\/trafile-e-ricambi-anulari-02.jpg 518w, https:\/\/www.eosverona.com\/new\/wp-content\/uploads\/2024\/06\/trafile-e-ricambi-anulari-02-286x300.jpg 286w\" sizes=\"(max-width: 518px) 100vw, 518px\" \/><\/figure>\n<\/div>\n<\/div>\n\n\n\n<h3 class=\"wp-block-heading has-text-align-center has-vivid-purple-color has-text-color has-link-color has-large-font-size wp-elements-79cc8345c4be01b8f22807896abb4821\">  <strong>MATRIZES ANULARES, ANILLOS Y AROS, ROLOS, EJES,                                             de cualquier medida, para pellet de todos tipos de material<\/strong><\/h3>\n\n\n\n<div class=\"wp-block-columns is-layout-flex wp-container-core-columns-layout-3 wp-block-columns-is-layout-flex\">\n<div class=\"wp-block-column is-layout-flow wp-container-core-column-layout-5 wp-block-column-is-layout-flow\">\n<figure class=\"wp-block-image aligncenter size-large is-resized\"><img loading=\"lazy\" decoding=\"async\" width=\"768\" height=\"1024\" src=\"https:\/\/www.eosverona.com\/new\/wp-content\/uploads\/2024\/06\/trafile-e-ricambi-anulari-04-768x1024.jpg\" alt=\"\" class=\"wp-image-537\" style=\"width:238px;height:auto\" srcset=\"https:\/\/www.eosverona.com\/new\/wp-content\/uploads\/2024\/06\/trafile-e-ricambi-anulari-04-768x1024.jpg 768w, https:\/\/www.eosverona.com\/new\/wp-content\/uploads\/2024\/06\/trafile-e-ricambi-anulari-04-225x300.jpg 225w, https:\/\/www.eosverona.com\/new\/wp-content\/uploads\/2024\/06\/trafile-e-ricambi-anulari-04.jpg 1080w\" sizes=\"(max-width: 768px) 100vw, 768px\" \/><\/figure>\n\n\n\n<figure class=\"wp-block-image aligncenter size-full is-resized\"><img loading=\"lazy\" decoding=\"async\" width=\"640\" height=\"480\" src=\"https:\/\/www.eosverona.com\/new\/wp-content\/uploads\/2024\/06\/trafile-e-ricambi-anulari-06.jpg\" alt=\"\" class=\"wp-image-538\" style=\"width:299px;height:auto\" srcset=\"https:\/\/www.eosverona.com\/new\/wp-content\/uploads\/2024\/06\/trafile-e-ricambi-anulari-06.jpg 640w, https:\/\/www.eosverona.com\/new\/wp-content\/uploads\/2024\/06\/trafile-e-ricambi-anulari-06-300x225.jpg 300w\" sizes=\"(max-width: 640px) 100vw, 640px\" \/><\/figure>\n\n\n\n<div class=\"wp-block-columns is-layout-flex wp-container-core-columns-layout-2 wp-block-columns-is-layout-flex\">\n<div class=\"wp-block-column is-layout-flow wp-block-column-is-layout-flow\">\n<figure class=\"wp-block-image aligncenter size-large is-resized\"><img loading=\"lazy\" decoding=\"async\" width=\"591\" height=\"1024\" src=\"https:\/\/www.eosverona.com\/new\/wp-content\/uploads\/2024\/06\/trafile-e-ricambi-anulari-12-591x1024.jpg\" alt=\"\" class=\"wp-image-547\" style=\"width:144px;height:auto\" srcset=\"https:\/\/www.eosverona.com\/new\/wp-content\/uploads\/2024\/06\/trafile-e-ricambi-anulari-12-591x1024.jpg 591w, https:\/\/www.eosverona.com\/new\/wp-content\/uploads\/2024\/06\/trafile-e-ricambi-anulari-12-173x300.jpg 173w, https:\/\/www.eosverona.com\/new\/wp-content\/uploads\/2024\/06\/trafile-e-ricambi-anulari-12-768x1331.jpg 768w, https:\/\/www.eosverona.com\/new\/wp-content\/uploads\/2024\/06\/trafile-e-ricambi-anulari-12-886x1536.jpg 886w, https:\/\/www.eosverona.com\/new\/wp-content\/uploads\/2024\/06\/trafile-e-ricambi-anulari-12.jpg 996w\" sizes=\"(max-width: 591px) 100vw, 591px\" \/><\/figure>\n<\/div>\n\n\n\n<div class=\"wp-block-column is-layout-flow wp-block-column-is-layout-flow\">\n<figure class=\"wp-block-image size-large\"><img loading=\"lazy\" decoding=\"async\" width=\"905\" height=\"1024\" src=\"https:\/\/www.eosverona.com\/new\/wp-content\/uploads\/2024\/06\/trafile-e-ricambi-anulari-08-1-905x1024.jpg\" alt=\"\" class=\"wp-image-548\" srcset=\"https:\/\/www.eosverona.com\/new\/wp-content\/uploads\/2024\/06\/trafile-e-ricambi-anulari-08-1-905x1024.jpg 905w, https:\/\/www.eosverona.com\/new\/wp-content\/uploads\/2024\/06\/trafile-e-ricambi-anulari-08-1-265x300.jpg 265w, https:\/\/www.eosverona.com\/new\/wp-content\/uploads\/2024\/06\/trafile-e-ricambi-anulari-08-1-768x869.jpg 768w, https:\/\/www.eosverona.com\/new\/wp-content\/uploads\/2024\/06\/trafile-e-ricambi-anulari-08-1-1358x1536.jpg 1358w, https:\/\/www.eosverona.com\/new\/wp-content\/uploads\/2024\/06\/trafile-e-ricambi-anulari-08-1-1810x2048.jpg 1810w, https:\/\/www.eosverona.com\/new\/wp-content\/uploads\/2024\/06\/trafile-e-ricambi-anulari-08-1.jpg 2010w\" sizes=\"(max-width: 905px) 100vw, 905px\" \/><\/figure>\n<\/div>\n<\/div>\n<\/div>\n\n\n\n<div class=\"wp-block-column is-layout-flow wp-container-core-column-layout-6 wp-block-column-is-layout-flow\">\n<figure class=\"wp-block-image size-full\"><img loading=\"lazy\" decoding=\"async\" width=\"2560\" height=\"2380\" src=\"https:\/\/www.eosverona.com\/new\/wp-content\/uploads\/2024\/06\/trafile-e-ricambi-anulari-03-scaled.jpg\" alt=\"\" class=\"wp-image-539\" srcset=\"https:\/\/www.eosverona.com\/new\/wp-content\/uploads\/2024\/06\/trafile-e-ricambi-anulari-03-scaled.jpg 2560w, https:\/\/www.eosverona.com\/new\/wp-content\/uploads\/2024\/06\/trafile-e-ricambi-anulari-03-300x279.jpg 300w, https:\/\/www.eosverona.com\/new\/wp-content\/uploads\/2024\/06\/trafile-e-ricambi-anulari-03-1024x952.jpg 1024w, https:\/\/www.eosverona.com\/new\/wp-content\/uploads\/2024\/06\/trafile-e-ricambi-anulari-03-768x714.jpg 768w, https:\/\/www.eosverona.com\/new\/wp-content\/uploads\/2024\/06\/trafile-e-ricambi-anulari-03-1536x1428.jpg 1536w, https:\/\/www.eosverona.com\/new\/wp-content\/uploads\/2024\/06\/trafile-e-ricambi-anulari-03-2048x1904.jpg 2048w\" sizes=\"(max-width: 2560px) 100vw, 2560px\" \/><\/figure>\n\n\n\n<figure class=\"wp-block-image size-large\"><img loading=\"lazy\" decoding=\"async\" width=\"1024\" height=\"1011\" src=\"https:\/\/www.eosverona.com\/new\/wp-content\/uploads\/2024\/06\/trafile-e-ricambi-anulari-10-1024x1011.jpg\" alt=\"\" class=\"wp-image-544\" srcset=\"https:\/\/www.eosverona.com\/new\/wp-content\/uploads\/2024\/06\/trafile-e-ricambi-anulari-10-1024x1011.jpg 1024w, https:\/\/www.eosverona.com\/new\/wp-content\/uploads\/2024\/06\/trafile-e-ricambi-anulari-10-300x296.jpg 300w, https:\/\/www.eosverona.com\/new\/wp-content\/uploads\/2024\/06\/trafile-e-ricambi-anulari-10-768x758.jpg 768w, https:\/\/www.eosverona.com\/new\/wp-content\/uploads\/2024\/06\/trafile-e-ricambi-anulari-10.jpg 1179w\" sizes=\"(max-width: 1024px) 100vw, 1024px\" \/><\/figure>\n<\/div>\n<\/div>\n\n\n\n<h4 class=\"wp-block-heading has-vivid-purple-color has-text-color has-link-color wp-elements-63f574327a2da25538219d1f751fdf36\"><strong><strong>HISTORIA, TERMINOLOGIA Y DETALLES TECNICOS DE LAS MATRIZES <\/strong>ANULARES<\/strong><\/h4>\n\n\n\n<p class=\"has-vivid-purple-color has-text-color has-link-color wp-elements-a0f016e47e0c140b52bbb281e265cb71\">Desde la aparici\u00f3n de las primeras peletizadoras anulares el los a\u00f1os \u201940, las matrizes siempre representaron y aun representan el principal repuesto de la peletizadora. Cualquier buen utilizador de una peletizadora siempre se preocupa de tener disponible en almacen por lo menos una matriz de reserva junta con algunas camisas de rolo.<\/p>\n\n\n\n<p class=\"has-vivid-purple-color has-text-color has-link-color wp-elements-b3b49b0be3b992c3b31c83e07509f713\">Con el pasar del tiempo las matrizes anulares han sido desarrolladas diferentemiente, sea en la forma y sea en las medidas de base. En principio casi todas fueron fabricadas en acero al carbono adecuado para templa superficial o para carbo-cementaci\u00f3n. Hace tiempo todavia que se van a fabricar por medio de algunos tipos especiales de acero y tambien en acero inox templable bajo vazio. La extrema dureza que se logra con este tipo de tratamiento termico no es &#8211; como fue en pasado &#8211; relativa a la sola superficie exterior, ahora la gran dureza llega hasta al corazon del repuesto. Este tipo de acero inox especial garantize entonces a la matriz una vida util mucho mas larga y logra la meyor calidad de pellet producido.<\/p>\n\n\n\n<div class=\"wp-block-columns is-layout-flex wp-container-core-columns-layout-4 wp-block-columns-is-layout-flex\">\n<div class=\"wp-block-column is-layout-flow wp-block-column-is-layout-flow\">\n<figure class=\"wp-block-image size-full\"><img loading=\"lazy\" decoding=\"async\" width=\"441\" height=\"201\" src=\"https:\/\/www.eosverona.com\/new\/wp-content\/uploads\/2024\/06\/trafile-e-ricambi-anulari-14.jpg\" alt=\"\" class=\"wp-image-528\" srcset=\"https:\/\/www.eosverona.com\/new\/wp-content\/uploads\/2024\/06\/trafile-e-ricambi-anulari-14.jpg 441w, https:\/\/www.eosverona.com\/new\/wp-content\/uploads\/2024\/06\/trafile-e-ricambi-anulari-14-300x137.jpg 300w\" sizes=\"(max-width: 441px) 100vw, 441px\" \/><\/figure>\n<\/div>\n\n\n\n<div class=\"wp-block-column is-layout-flow wp-block-column-is-layout-flow\">\n<p class=\"has-ast-global-color-1-color has-text-color has-link-color wp-elements-33760bc11d2d092ad8bd1cb1d03b553c\">Para producir en manera optimal, la disposici\u00f3n de los agujeros en la superficie de la matriz deve estar eseguida en total respeto del principio del triangulo equilatero. En breve, la distancia entre los varios huecos, sea entre los en hilera y sea  enntre los en columna, tiene que resultar soempre constante. Para bien exclarecer este concepto, la distancia entre todos los agujeros presentes en la matriz siempre es constante: <strong>A = B = C.<\/strong><\/p>\n<\/div>\n<\/div>\n\n\n\n<p class=\"has-vivid-purple-color has-text-color has-link-color wp-elements-274cf2407fc040600a6cef64f2663dd5\">Esta condici\u00f3n aparece indispensable para la correcta distribuci\u00f3n del material en la pista perforada de la matriz. Se la puede lograr solo por medio de maquinas perforadoras automaticas de extrema precisi\u00f3n (llamadas perforadoras profunda a ca\u00f1on) que trabajan a elevadisima velocidad. Las herramientas de perforaci\u00f3n especiales trabajan casi sin vibraci\u00f3nes, para minimizar al m\u00e1ximo la rugosidad interior de los agujeros. En una matriz anular, la disposici\u00f3n de los agujeros segun el arreglo del triangulo equilatero garantize y certifica en manera inequivocable que el repuesto ha sido fabricado en manera industrial y no en forma artesanal.&nbsp;<\/p>\n\n\n\n<div class=\"wp-block-columns is-layout-flex wp-container-core-columns-layout-5 wp-block-columns-is-layout-flex\">\n<div class=\"wp-block-column is-layout-flow wp-block-column-is-layout-flow\">\n<figure class=\"wp-block-image size-full\"><img loading=\"lazy\" decoding=\"async\" width=\"472\" height=\"435\" src=\"https:\/\/www.eosverona.com\/new\/wp-content\/uploads\/2024\/06\/image019.jpg\" alt=\"\" class=\"wp-image-523\" srcset=\"https:\/\/www.eosverona.com\/new\/wp-content\/uploads\/2024\/06\/image019.jpg 472w, https:\/\/www.eosverona.com\/new\/wp-content\/uploads\/2024\/06\/image019-300x276.jpg 300w\" sizes=\"(max-width: 472px) 100vw, 472px\" \/><figcaption class=\"wp-element-caption\"><strong><mark style=\"background-color:rgba(0, 0, 0, 0);color:#9b51e0\" class=\"has-inline-color\">Matriz con controagujero conico<\/mark><\/strong><\/figcaption><\/figure>\n<\/div>\n\n\n\n<div class=\"wp-block-column is-layout-flow wp-block-column-is-layout-flow\">\n<figure class=\"wp-block-image size-full\"><img loading=\"lazy\" decoding=\"async\" width=\"472\" height=\"435\" src=\"https:\/\/www.eosverona.com\/new\/wp-content\/uploads\/2024\/06\/image017.jpg\" alt=\"\" class=\"wp-image-525\" srcset=\"https:\/\/www.eosverona.com\/new\/wp-content\/uploads\/2024\/06\/image017.jpg 472w, https:\/\/www.eosverona.com\/new\/wp-content\/uploads\/2024\/06\/image017-300x276.jpg 300w\" sizes=\"(max-width: 472px) 100vw, 472px\" \/><figcaption class=\"wp-element-caption\"><mark style=\"background-color:rgba(0, 0, 0, 0);color:#9b51e0\" class=\"has-inline-color\"><strong>Matriz con contragujero cilindrico<\/strong><\/mark><\/figcaption><\/figure>\n<\/div>\n\n\n\n<div class=\"wp-block-column is-layout-flow wp-block-column-is-layout-flow\">\n<figure class=\"wp-block-image size-full\"><img loading=\"lazy\" decoding=\"async\" width=\"457\" height=\"422\" src=\"https:\/\/www.eosverona.com\/new\/wp-content\/uploads\/2024\/06\/image016.jpg\" alt=\"\" class=\"wp-image-526\" srcset=\"https:\/\/www.eosverona.com\/new\/wp-content\/uploads\/2024\/06\/image016.jpg 457w, https:\/\/www.eosverona.com\/new\/wp-content\/uploads\/2024\/06\/image016-300x277.jpg 300w\" sizes=\"(max-width: 457px) 100vw, 457px\" \/><figcaption class=\"wp-element-caption\"><mark style=\"background-color:rgba(0, 0, 0, 0);color:#9b51e0\" class=\"has-inline-color\"><strong>Matriz sin controagujero algun<\/strong><\/mark><\/figcaption><\/figure>\n<\/div>\n<\/div>\n\n\n\n<p class=\"has-black-color has-text-color has-link-color wp-elements-8aec3f1aff86d2552950f991fbe9f714\"><strong>F = DIAMETRO DE PERFORACI\u00d3N<\/strong><mark style=\"background-color:rgba(0, 0, 0, 0)\" class=\"has-inline-color has-ast-global-color-8-color\"><strong>.<\/strong> <\/mark>La medida del agujero cilindrico tambien es la que determina la medida del pellet que se va a fabricar con la matriz.<\/p>\n\n\n\n<p class=\"has-vivid-purple-color has-text-color has-link-color wp-elements-bcce5592a9e9bc429e809a4a9acebd31\"><strong><strong>T = ESPESOR DE LA MATRIZ<\/strong>.<\/strong> Variable segun el tipo di maquina y especialmente segun&nbsp;el tipo de producto a compactarse, nunca es inferior a 30 mm. En las matrizes con agujeros pasantes (sin controagujero algun), corresponde al valor de la compresi\u00f3n neta tambien.<\/p>\n\n\n\n<p class=\"has-ast-global-color-0-color has-text-color has-link-color wp-elements-141c0a049eff758103e4dab37aeecedf\"><strong><mark style=\"background-color:rgba(0, 0, 0, 0)\" class=\"has-inline-color has-ast-global-color-0-color\"><strong>D = PROFUNDIDAD DEL CONTROAGUJERO<\/strong><\/mark><\/strong>&nbsp;(o descarga libre del pellet). Indica la diferencia entre el espesor total de la matriz y su compresi\u00f3n neta. Siempre dever\u00e0 estar indicado en el caso que se precise de una matriz con controagujero, cilindrico o conico con su conicidad fija 1:20.<\/p>\n\n\n\n<p class=\"has-ast-global-color-1-color has-text-color has-link-color wp-elements-1f013c5ef4231fc70a0295431cad1948\"><strong><mark style=\"background-color:rgba(0, 0, 0, 0)\" class=\"has-inline-color has-ast-global-color-1-color\"><strong><strong>C = COMPRESI\u00d3N NETA DE LA MATRIZ.<\/strong><\/strong><\/mark><\/strong> Dependiente desde el diametro de perforaci\u00f3n, varia tambien segun el tipo de producto a compactarse. Siempre se intiende incluida del cono de entrada y corresponde a la parte cilindrica del agujero, zona en la cual el producto se compacta para formar el pellet. En las matrizes con agujero pasante (sin controagujero algun), corresponde tambien al valor del espesor total de la matriz misma.<\/p>\n\n\n\n<p class=\"has-luminous-vivid-orange-color has-text-color has-link-color wp-elements-f3c7a8942ac6b9b758f8fdb75c7c63be\"><strong><mark style=\"background-color:rgba(0, 0, 0, 0);color:#ad5800\" class=\"has-inline-color\"><strong>G = DIAMETRO DE BASE DEL CONTROAGUJERO.<\/strong><\/mark><\/strong><mark style=\"background-color:rgba(0, 0, 0, 0);color:#ad5800\" class=\"has-inline-color\"> Irrelevante para el escopo productivo, se va a indicar solo para el correcto apresto en fase de planeaci\u00f3n de la matriz. En caso de matriz plana con controagujero cilindrico, corresponde tambien al diametro del controagujero mismo.<\/mark> <\/p>\n\n\n\n<p class=\"has-vivid-cyan-blue-color has-text-color has-link-color wp-elements-a659726d4e59d938adf0a8c6ebd72001\"><mark style=\"background-color:rgba(0, 0, 0, 0);color:#0066f3\" class=\"has-inline-color\"><strong><strong>P = PROFUNDIDAD DEL CONO DE ENTRADA (o abocinado). <\/strong><\/strong>Con la sola exclusi\u00f3n de casos particulares, por la mayoria esta siempre al rededor de 1,5-2,0 mm. mientras el angulo del embudo casi siempre es de 60\u00b0.\u00a0<\/mark><\/p>\n","protected":false},"excerpt":{"rendered":"<p>MATRIZES Y REPUESTOS VARIOS para PELETIZADORAS ANULARES MATRIZES ANULARES, ANILLOS Y AROS, ROLOS, EJES, de cualquier medida, para pellet de [&hellip;]<\/p>\n","protected":false},"author":1,"featured_media":0,"parent":0,"menu_order":0,"comment_status":"closed","ping_status":"closed","template":"","meta":{"site-sidebar-layout":"default","site-content-layout":"","ast-site-content-layout":"","site-content-style":"default","site-sidebar-style":"default","ast-global-header-display":"","ast-banner-title-visibility":"","ast-main-header-display":"","ast-hfb-above-header-display":"","ast-hfb-below-header-display":"","ast-hfb-mobile-header-display":"","site-post-title":"disabled","ast-breadcrumbs-content":"","ast-featured-img":"","footer-sml-layout":"","theme-transparent-header-meta":"","adv-header-id-meta":"","stick-header-meta":"","header-above-stick-meta":"","header-main-stick-meta":"","header-below-stick-meta":"","astra-migrate-meta-layouts":"default","ast-page-background-enabled":"default","ast-page-background-meta":{"desktop":{"background-color":"var(--ast-global-color-4)","background-image":"","background-repeat":"repeat","background-position":"center center","background-size":"auto","background-attachment":"scroll","background-type":"","background-media":"","overlay-type":"","overlay-color":"","overlay-gradient":""},"tablet":{"background-color":"","background-image":"","background-repeat":"repeat","background-position":"center center","background-size":"auto","background-attachment":"scroll","background-type":"","background-media":"","overlay-type":"","overlay-color":"","overlay-gradient":""},"mobile":{"background-color":"","background-image":"","background-repeat":"repeat","background-position":"center center","background-size":"auto","background-attachment":"scroll","background-type":"","background-media":"","overlay-type":"","overlay-color":"","overlay-gradient":""}},"ast-content-background-meta":{"desktop":{"background-color":"var(--ast-global-color-5)","background-image":"","background-repeat":"repeat","background-position":"center center","background-size":"auto","background-attachment":"scroll","background-type":"","background-media":"","overlay-type":"","overlay-color":"","overlay-gradient":""},"tablet":{"background-color":"var(--ast-global-color-5)","background-image":"","background-repeat":"repeat","background-position":"center center","background-size":"auto","background-attachment":"scroll","background-type":"","background-media":"","overlay-type":"","overlay-color":"","overlay-gradient":""},"mobile":{"background-color":"var(--ast-global-color-5)","background-image":"","background-repeat":"repeat","background-position":"center center","background-size":"auto","background-attachment":"scroll","background-type":"","background-media":"","overlay-type":"","overlay-color":"","overlay-gradient":""}},"footnotes":""},"_links":{"self":[{"href":"https:\/\/www.eosverona.com\/new\/wp-json\/wp\/v2\/pages\/1199"}],"collection":[{"href":"https:\/\/www.eosverona.com\/new\/wp-json\/wp\/v2\/pages"}],"about":[{"href":"https:\/\/www.eosverona.com\/new\/wp-json\/wp\/v2\/types\/page"}],"author":[{"embeddable":true,"href":"https:\/\/www.eosverona.com\/new\/wp-json\/wp\/v2\/users\/1"}],"replies":[{"embeddable":true,"href":"https:\/\/www.eosverona.com\/new\/wp-json\/wp\/v2\/comments?post=1199"}],"version-history":[{"count":14,"href":"https:\/\/www.eosverona.com\/new\/wp-json\/wp\/v2\/pages\/1199\/revisions"}],"predecessor-version":[{"id":1466,"href":"https:\/\/www.eosverona.com\/new\/wp-json\/wp\/v2\/pages\/1199\/revisions\/1466"}],"wp:attachment":[{"href":"https:\/\/www.eosverona.com\/new\/wp-json\/wp\/v2\/media?parent=1199"}],"curies":[{"name":"wp","href":"https:\/\/api.w.org\/{rel}","templated":true}]}}