{"id":1110,"date":"2024-09-03T08:28:32","date_gmt":"2024-09-03T06:28:32","guid":{"rendered":"https:\/\/www.eosverona.com\/new\/?page_id=1110"},"modified":"2024-10-30T05:49:21","modified_gmt":"2024-10-30T04:49:21","slug":"revisione-di-macchine-e-componenti-del-settore-pellet-2","status":"publish","type":"page","link":"https:\/\/www.eosverona.com\/new\/es\/revisione-di-macchine-e-componenti-del-settore-pellet-2\/","title":{"rendered":"REVISIONE di MACCHINE e COMPONENTI del settore PELLET"},"content":{"rendered":"\n<h2 class=\"wp-block-heading has-text-align-center has-text-color has-link-color wp-elements-c2ea1be59e8d171a57b48aaf46c99b32\" style=\"color:#9ad100\"><strong>REVISI\u00d3N de EQUIPOS y de COMPONENTES del sector PELETIZADO<\/strong><\/h2>\n\n\n\n<div class=\"wp-block-columns is-layout-flex wp-container-core-columns-layout-1 wp-block-columns-is-layout-flex\">\n<div class=\"wp-block-column is-layout-flow wp-block-column-is-layout-flow\">\n<figure class=\"wp-block-image aligncenter size-large is-resized\"><img loading=\"lazy\" decoding=\"async\" width=\"1024\" height=\"820\" src=\"https:\/\/www.eosverona.com\/new\/wp-content\/uploads\/2024\/07\/image002-1024x820.jpg\" alt=\"\" class=\"wp-image-669\" style=\"width:auto;height:300px\" srcset=\"https:\/\/www.eosverona.com\/new\/wp-content\/uploads\/2024\/07\/image002-1024x820.jpg 1024w, https:\/\/www.eosverona.com\/new\/wp-content\/uploads\/2024\/07\/image002-300x240.jpg 300w, https:\/\/www.eosverona.com\/new\/wp-content\/uploads\/2024\/07\/image002-768x615.jpg 768w, https:\/\/www.eosverona.com\/new\/wp-content\/uploads\/2024\/07\/image002.jpg 1200w\" sizes=\"(max-width: 1024px) 100vw, 1024px\" \/><figcaption class=\"wp-element-caption\"><strong><mark style=\"background-color:rgba(0, 0, 0, 0);color:#9ad100\" class=\"has-inline-color\">Peletizadora CPM<\/mark><mark style=\"background-color:rgba(0, 0, 0, 0);color:#ffb700\" class=\"has-inline-color\"> <\/mark><mark style=\"background-color:rgba(0, 0, 0, 0)\" class=\"has-inline-color has-ast-global-color-0-color\">ANTES<\/mark><\/strong> <strong><mark style=\"background-color:rgba(0, 0, 0, 0);color:#9ad100\" class=\"has-inline-color\">de nuestra revisi\u00f3n<\/mark><\/strong><\/figcaption><\/figure>\n<\/div>\n\n\n\n<div class=\"wp-block-column is-layout-flow wp-block-column-is-layout-flow\">\n<figure class=\"wp-block-image aligncenter size-full is-resized\"><img loading=\"lazy\" decoding=\"async\" width=\"221\" height=\"260\" src=\"https:\/\/www.eosverona.com\/new\/wp-content\/uploads\/2024\/07\/image003.jpg\" alt=\"\" class=\"wp-image-668\" style=\"width:auto;height:300px\"\/><figcaption class=\"wp-element-caption\"><strong><mark style=\"background-color:rgba(0, 0, 0, 0);color:#9ad100\" class=\"has-inline-color\"><strong><mark style=\"background-color:rgba(0, 0, 0, 0);color:#9ad100\" class=\"has-inline-color\">Peletizadora CPM<\/mark><\/strong><\/mark><\/strong> <strong><mark style=\"background-color:rgba(0, 0, 0, 0)\" class=\"has-inline-color has-ast-global-color-1-color\">DESPUES<\/mark><mark style=\"background-color:rgba(0, 0, 0, 0);color:#ffb700\" class=\"has-inline-color\"> <\/mark><mark style=\"background-color:rgba(0, 0, 0, 0);color:#9ad100\" class=\"has-inline-color\">de n<\/mark><mark style=\"background-color:rgba(0, 0, 0, 0);color:#9ad100\" class=\"has-inline-color\">uestra revisi\u00f3n<\/mark><\/strong><\/figcaption><\/figure>\n<\/div>\n<\/div>\n\n\n\n<p class=\"has-text-align-center has-text-color has-link-color wp-elements-d8fe79c8f87a16fc23b620b078de197f\" style=\"color:#9ad100\">Proponemos el servicio de revisi\u00f3n, de manutenci\u00f3n, de manteimiento y de remodernizaci\u00f3n del singolo equipo o de multipla unedades, de sus componentes, de los repuestos e de todos los principales elementos de desgaste destinados al sector de producci\u00f3n del pellet, de cualquier tipo.<\/p>\n\n\n\n<div class=\"wp-block-columns is-layout-flex wp-container-core-columns-layout-2 wp-block-columns-is-layout-flex\">\n<div class=\"wp-block-column is-layout-flow wp-block-column-is-layout-flow\">\n<figure class=\"wp-block-image aligncenter size-full is-resized\"><img loading=\"lazy\" decoding=\"async\" width=\"225\" height=\"266\" src=\"https:\/\/www.eosverona.com\/new\/wp-content\/uploads\/2024\/07\/image006-1.jpg\" alt=\"\" class=\"wp-image-675\" style=\"width:auto;height:300px\"\/><figcaption class=\"wp-element-caption\"><strong><mark style=\"background-color:rgba(0, 0, 0, 0);color:#9ad100\" class=\"has-inline-color\">Peletizadora SWJ<\/mark><mark style=\"background-color:rgba(0, 0, 0, 0);color:#ffb700\" class=\"has-inline-color\"> <\/mark><mark style=\"background-color:rgba(0, 0, 0, 0)\" class=\"has-inline-color has-ast-global-color-0-color\">ANTES<\/mark><\/strong> <strong><mark style=\"background-color:rgba(0, 0, 0, 0);color:#9ad100\" class=\"has-inline-color\">de nuestra revisi\u00f3n<\/mark><\/strong><\/figcaption><\/figure>\n<\/div>\n\n\n\n<div class=\"wp-block-column is-layout-flow wp-block-column-is-layout-flow\">\n<figure class=\"wp-block-image aligncenter size-full is-resized\"><img loading=\"lazy\" decoding=\"async\" width=\"240\" height=\"268\" src=\"https:\/\/www.eosverona.com\/new\/wp-content\/uploads\/2024\/07\/image005-1.jpg\" alt=\"\" class=\"wp-image-674\" style=\"width:auto;height:300px\"\/><figcaption class=\"wp-element-caption\"><strong><mark style=\"background-color:rgba(0, 0, 0, 0);color:#9ad100\" class=\"has-inline-color\">Peletizadora SWJ<\/mark><\/strong> <strong><mark style=\"background-color:rgba(0, 0, 0, 0)\" class=\"has-inline-color has-ast-global-color-1-color\">DESPUES <\/mark><mark style=\"background-color:rgba(0, 0, 0, 0);color:#9ad100\" class=\"has-inline-color\">de nuestra revisi\u00f3n<\/mark><\/strong><\/figcaption><\/figure>\n<\/div>\n<\/div>\n\n\n\n<p class=\"has-text-align-center has-text-color has-link-color wp-elements-82cf196741d8a5d6729a347afe001f79\" style=\"color:#9ad100\"><mark style=\"background-color:rgba(0, 0, 0, 0);color:#9ad100\" class=\"has-inline-color\">Rectificaci\u00f3<\/mark>n<mark style=\"background-color:rgba(0, 0, 0, 0);color:#9ad100\" class=\"has-inline-color\"> y restauraci\u00f3<\/mark>n<mark style=\"background-color:rgba(0, 0, 0, 0);color:#9ad100\" class=\"has-inline-color\"> del cono de entrada, disatascamiento y limpieza de los agujeros de todas las matrizes<\/mark><\/p>\n\n\n\n<div class=\"wp-block-columns is-layout-flex wp-container-core-columns-layout-3 wp-block-columns-is-layout-flex\" style=\"padding-top:0;padding-bottom:0\">\n<div class=\"wp-block-column is-layout-flow wp-block-column-is-layout-flow\">\n<figure class=\"wp-block-image aligncenter size-full is-resized\"><img loading=\"lazy\" decoding=\"async\" width=\"591\" height=\"465\" src=\"https:\/\/www.eosverona.com\/new\/wp-content\/uploads\/2024\/07\/image008-1.jpg\" alt=\"\" class=\"wp-image-686\" style=\"width:auto;height:300px\" srcset=\"https:\/\/www.eosverona.com\/new\/wp-content\/uploads\/2024\/07\/image008-1.jpg 591w, https:\/\/www.eosverona.com\/new\/wp-content\/uploads\/2024\/07\/image008-1-300x236.jpg 300w\" sizes=\"(max-width: 591px) 100vw, 591px\" \/><\/figure>\n<\/div>\n\n\n\n<div class=\"wp-block-column is-layout-flow wp-block-column-is-layout-flow\">\n<figure class=\"wp-block-image aligncenter size-full is-resized\"><img loading=\"lazy\" decoding=\"async\" width=\"205\" height=\"301\" src=\"https:\/\/www.eosverona.com\/new\/wp-content\/uploads\/2024\/07\/image007-1.jpg\" alt=\"\" class=\"wp-image-685\" style=\"width:auto;height:300px\"\/><\/figure>\n<\/div>\n<\/div>\n\n\n\n<div class=\"wp-block-columns is-layout-flex wp-container-core-columns-layout-4 wp-block-columns-is-layout-flex\">\n<div class=\"wp-block-column is-vertically-aligned-center is-layout-flow wp-block-column-is-layout-flow\">\n<figure class=\"wp-block-image aligncenter size-full is-resized\"><img loading=\"lazy\" decoding=\"async\" width=\"212\" height=\"161\" src=\"https:\/\/www.eosverona.com\/new\/wp-content\/uploads\/2024\/07\/image009-1.jpg\" alt=\"\" class=\"wp-image-681\" style=\"width:370px;height:auto\"\/><\/figure>\n<\/div>\n\n\n\n<div class=\"wp-block-column is-vertically-aligned-center is-layout-flow wp-block-column-is-layout-flow\">\n<p class=\"has-text-color has-link-color wp-elements-8cf43bd0301b9e006bb107ab98313bca\" style=\"color:#9ad100\">Tenemos el laboratorio perfectamiente equipado para el servicio de pruebas de compactaci\u00f3n, sea para productos fuera del comun y sea para materiales variados de propiedad del Cliente.<strong><em>&nbsp;<\/em><\/strong><\/p>\n\n\n\n<p class=\"has-text-color has-link-color wp-elements-fdd64d2fbda5d9c7c39d31795f37eb0d\" style=\"color:#9ad100\"><a href=\"https:\/\/www.eosverona.com\/new\/it\/servizi-e-prove-di-laboratorio\/\" data-type=\"link\" data-id=\"https:\/\/www.eosverona.com\/new\/it\/servizi-e-prove-di-laboratorio\/\">Clique aqu\u00ec para mas detalles<\/a><\/p>\n<\/div>\n<\/div>\n\n\n\n<p class=\"has-text-align-center has-text-color has-link-color wp-elements-ee4953746d7568a0ee5b32316b758363\" style=\"color:#9ad100\"><strong>Servicio de mantenimiento y de revisi\u00f3n de los rolos para peletizadoras de cualquier tipo y tama\u00f1o<\/strong><\/p>\n\n\n\n<figure class=\"wp-block-image size-large\"><img loading=\"lazy\" decoding=\"async\" width=\"1024\" height=\"609\" src=\"https:\/\/www.eosverona.com\/new\/wp-content\/uploads\/2024\/10\/Rulli-rigenerati-2-1024x609.jpg\" alt=\"\" class=\"wp-image-1393\" srcset=\"https:\/\/www.eosverona.com\/new\/wp-content\/uploads\/2024\/10\/Rulli-rigenerati-2-1024x609.jpg 1024w, https:\/\/www.eosverona.com\/new\/wp-content\/uploads\/2024\/10\/Rulli-rigenerati-2-300x179.jpg 300w, https:\/\/www.eosverona.com\/new\/wp-content\/uploads\/2024\/10\/Rulli-rigenerati-2-768x457.jpg 768w, https:\/\/www.eosverona.com\/new\/wp-content\/uploads\/2024\/10\/Rulli-rigenerati-2.jpg 1161w\" sizes=\"(max-width: 1024px) 100vw, 1024px\" \/><\/figure>\n","protected":false},"excerpt":{"rendered":"<p>REVISI\u00d3N de EQUIPOS y de COMPONENTES del sector PELETIZADO Proponemos el servicio de revisi\u00f3n, de manutenci\u00f3n, de manteimiento y de [&hellip;]<\/p>\n","protected":false},"author":1,"featured_media":0,"parent":0,"menu_order":0,"comment_status":"closed","ping_status":"closed","template":"","meta":{"site-sidebar-layout":"default","site-content-layout":"","ast-site-content-layout":"","site-content-style":"default","site-sidebar-style":"default","ast-global-header-display":"","ast-banner-title-visibility":"","ast-main-header-display":"","ast-hfb-above-header-display":"","ast-hfb-below-header-display":"","ast-hfb-mobile-header-display":"","site-post-title":"disabled","ast-breadcrumbs-content":"","ast-featured-img":"","footer-sml-layout":"","theme-transparent-header-meta":"","adv-header-id-meta":"","stick-header-meta":"","header-above-stick-meta":"","header-main-stick-meta":"","header-below-stick-meta":"","astra-migrate-meta-layouts":"default","ast-page-background-enabled":"default","ast-page-background-meta":{"desktop":{"background-color":"var(--ast-global-color-4)","background-image":"","background-repeat":"repeat","background-position":"center center","background-size":"auto","background-attachment":"scroll","background-type":"","background-media":"","overlay-type":"","overlay-color":"","overlay-gradient":""},"tablet":{"background-color":"","background-image":"","background-repeat":"repeat","background-position":"center center","background-size":"auto","background-attachment":"scroll","background-type":"","background-media":"","overlay-type":"","overlay-color":"","overlay-gradient":""},"mobile":{"background-color":"","background-image":"","background-repeat":"repeat","background-position":"center center","background-size":"auto","background-attachment":"scroll","background-type":"","background-media":"","overlay-type":"","overlay-color":"","overlay-gradient":""}},"ast-content-background-meta":{"desktop":{"background-color":"var(--ast-global-color-5)","background-image":"","background-repeat":"repeat","background-position":"center center","background-size":"auto","background-attachment":"scroll","background-type":"","background-media":"","overlay-type":"","overlay-color":"","overlay-gradient":""},"tablet":{"background-color":"var(--ast-global-color-5)","background-image":"","background-repeat":"repeat","background-position":"center center","background-size":"auto","background-attachment":"scroll","background-type":"","background-media":"","overlay-type":"","overlay-color":"","overlay-gradient":""},"mobile":{"background-color":"var(--ast-global-color-5)","background-image":"","background-repeat":"repeat","background-position":"center center","background-size":"auto","background-attachment":"scroll","background-type":"","background-media":"","overlay-type":"","overlay-color":"","overlay-gradient":""}},"footnotes":""},"_links":{"self":[{"href":"https:\/\/www.eosverona.com\/new\/wp-json\/wp\/v2\/pages\/1110"}],"collection":[{"href":"https:\/\/www.eosverona.com\/new\/wp-json\/wp\/v2\/pages"}],"about":[{"href":"https:\/\/www.eosverona.com\/new\/wp-json\/wp\/v2\/types\/page"}],"author":[{"embeddable":true,"href":"https:\/\/www.eosverona.com\/new\/wp-json\/wp\/v2\/users\/1"}],"replies":[{"embeddable":true,"href":"https:\/\/www.eosverona.com\/new\/wp-json\/wp\/v2\/comments?post=1110"}],"version-history":[{"count":3,"href":"https:\/\/www.eosverona.com\/new\/wp-json\/wp\/v2\/pages\/1110\/revisions"}],"predecessor-version":[{"id":1394,"href":"https:\/\/www.eosverona.com\/new\/wp-json\/wp\/v2\/pages\/1110\/revisions\/1394"}],"wp:attachment":[{"href":"https:\/\/www.eosverona.com\/new\/wp-json\/wp\/v2\/media?parent=1110"}],"curies":[{"name":"wp","href":"https:\/\/api.w.org\/{rel}","templated":true}]}}