{"id":1089,"date":"2024-09-03T08:27:36","date_gmt":"2024-09-03T06:27:36","guid":{"rendered":"https:\/\/www.eosverona.com\/new\/?page_id=1089"},"modified":"2024-10-27T09:22:23","modified_gmt":"2024-10-27T08:22:23","slug":"impianti-completi-per-la-produzione-di-pellet-3","status":"publish","type":"page","link":"https:\/\/www.eosverona.com\/new\/es\/impianti-completi-per-la-produzione-di-pellet-3\/","title":{"rendered":"IMPIANTI COMPLETI per la PRODUZIONE DI PELLET"},"content":{"rendered":"\n<h2 class=\"wp-block-heading has-text-align-center has-text-color has-link-color wp-elements-42a95092177040c106a83fa9d56fb282\" style=\"color:#0067a3\"><strong>PLANTAS COMPLETAS para la PRODUCCI<strong>\u00d3<\/strong>N DE PELLET<\/strong> en general<\/h2>\n\n\n\n<div class=\"wp-block-columns is-layout-flex wp-container-core-columns-layout-1 wp-block-columns-is-layout-flex\">\n<div class=\"wp-block-column is-layout-flow wp-block-column-is-layout-flow\">\n<figure class=\"wp-block-image size-large\"><img loading=\"lazy\" decoding=\"async\" width=\"1014\" height=\"1014\" src=\"https:\/\/www.eosverona.com\/new\/wp-content\/uploads\/2024\/06\/impianti-completi-3-edited.jpg\" alt=\"\" class=\"wp-image-470\" srcset=\"https:\/\/www.eosverona.com\/new\/wp-content\/uploads\/2024\/06\/impianti-completi-3-edited.jpg 1014w, https:\/\/www.eosverona.com\/new\/wp-content\/uploads\/2024\/06\/impianti-completi-3-edited-300x300.jpg 300w, https:\/\/www.eosverona.com\/new\/wp-content\/uploads\/2024\/06\/impianti-completi-3-edited-150x150.jpg 150w, https:\/\/www.eosverona.com\/new\/wp-content\/uploads\/2024\/06\/impianti-completi-3-edited-768x768.jpg 768w\" sizes=\"(max-width: 1014px) 100vw, 1014px\" \/><\/figure>\n<\/div>\n\n\n\n<div class=\"wp-block-column is-layout-flow wp-block-column-is-layout-flow\">\n<figure class=\"wp-block-image size-large\"><img loading=\"lazy\" decoding=\"async\" width=\"2368\" height=\"2368\" src=\"https:\/\/www.eosverona.com\/new\/wp-content\/uploads\/2024\/06\/impianti-completi-1-edited.jpg\" alt=\"\" class=\"wp-image-451\" srcset=\"https:\/\/www.eosverona.com\/new\/wp-content\/uploads\/2024\/06\/impianti-completi-1-edited.jpg 2368w, https:\/\/www.eosverona.com\/new\/wp-content\/uploads\/2024\/06\/impianti-completi-1-edited-300x300.jpg 300w, https:\/\/www.eosverona.com\/new\/wp-content\/uploads\/2024\/06\/impianti-completi-1-edited-1024x1024.jpg 1024w, https:\/\/www.eosverona.com\/new\/wp-content\/uploads\/2024\/06\/impianti-completi-1-edited-150x150.jpg 150w, https:\/\/www.eosverona.com\/new\/wp-content\/uploads\/2024\/06\/impianti-completi-1-edited-768x768.jpg 768w, https:\/\/www.eosverona.com\/new\/wp-content\/uploads\/2024\/06\/impianti-completi-1-edited-1536x1536.jpg 1536w, https:\/\/www.eosverona.com\/new\/wp-content\/uploads\/2024\/06\/impianti-completi-1-edited-2048x2048.jpg 2048w\" sizes=\"(max-width: 2368px) 100vw, 2368px\" \/><\/figure>\n<\/div>\n<\/div>\n\n\n\n<p class=\"has-text-align-center has-text-color has-link-color wp-elements-d4a9952d7186da4a0bafecd883324686\" style=\"color:#0067a3\">Plantas simples o muy articuladas, con distintas medidas y con diferente capacidad para la producci\u00f3n de pellet destinado a variada utilizaci\u00f3n final como las para alimentaci\u00f3n animal, para cereales y productos de molienda, para residuados y desechos del proceso de extraci\u00f3n o del aceite, para alfa-alfa y pasto, para sobproductos de trabajo, para biocompost, para abono y fertilizantes, para paja, para madera y biomassa en general, para productos quimicos.<\/p>\n\n\n\n<div class=\"wp-block-columns is-layout-flex wp-container-core-columns-layout-2 wp-block-columns-is-layout-flex\">\n<div class=\"wp-block-column is-layout-flow wp-container-core-column-layout-3 wp-block-column-is-layout-flow\" style=\"padding-top:0;padding-bottom:0\">\n<figure class=\"wp-block-image alignfull size-large\"><img loading=\"lazy\" decoding=\"async\" width=\"768\" height=\"1024\" src=\"https:\/\/www.eosverona.com\/new\/wp-content\/uploads\/2024\/06\/impianti-completi-7-768x1024.jpg\" alt=\"\" class=\"wp-image-465\" srcset=\"https:\/\/www.eosverona.com\/new\/wp-content\/uploads\/2024\/06\/impianti-completi-7-768x1024.jpg 768w, https:\/\/www.eosverona.com\/new\/wp-content\/uploads\/2024\/06\/impianti-completi-7-225x300.jpg 225w, https:\/\/www.eosverona.com\/new\/wp-content\/uploads\/2024\/06\/impianti-completi-7-1152x1536.jpg 1152w, https:\/\/www.eosverona.com\/new\/wp-content\/uploads\/2024\/06\/impianti-completi-7-1536x2048.jpg 1536w, https:\/\/www.eosverona.com\/new\/wp-content\/uploads\/2024\/06\/impianti-completi-7-scaled.jpg 1920w\" sizes=\"(max-width: 768px) 100vw, 768px\" \/><\/figure>\n\n\n\n<figure class=\"wp-block-image alignfull size-large\"><img loading=\"lazy\" decoding=\"async\" width=\"938\" height=\"1024\" src=\"https:\/\/www.eosverona.com\/new\/wp-content\/uploads\/2024\/06\/impianti-completi-13-1-938x1024.jpg\" alt=\"\" class=\"wp-image-474\" srcset=\"https:\/\/www.eosverona.com\/new\/wp-content\/uploads\/2024\/06\/impianti-completi-13-1-938x1024.jpg 938w, https:\/\/www.eosverona.com\/new\/wp-content\/uploads\/2024\/06\/impianti-completi-13-1-275x300.jpg 275w, https:\/\/www.eosverona.com\/new\/wp-content\/uploads\/2024\/06\/impianti-completi-13-1-768x838.jpg 768w, https:\/\/www.eosverona.com\/new\/wp-content\/uploads\/2024\/06\/impianti-completi-13-1-1407x1536.jpg 1407w, https:\/\/www.eosverona.com\/new\/wp-content\/uploads\/2024\/06\/impianti-completi-13-1-1876x2048.jpg 1876w\" sizes=\"(max-width: 938px) 100vw, 938px\" \/><\/figure>\n\n\n\n<figure class=\"wp-block-image alignfull size-large\"><img loading=\"lazy\" decoding=\"async\" width=\"261\" height=\"479\" src=\"https:\/\/www.eosverona.com\/new\/wp-content\/uploads\/2024\/06\/impianti-completi-17.jpg\" alt=\"\" class=\"wp-image-472\" srcset=\"https:\/\/www.eosverona.com\/new\/wp-content\/uploads\/2024\/06\/impianti-completi-17.jpg 261w, https:\/\/www.eosverona.com\/new\/wp-content\/uploads\/2024\/06\/impianti-completi-17-163x300.jpg 163w\" sizes=\"(max-width: 261px) 100vw, 261px\" \/><\/figure>\n<\/div>\n\n\n\n<div class=\"wp-block-column is-layout-flow wp-container-core-column-layout-4 wp-block-column-is-layout-flow\">\n<figure class=\"wp-block-image alignfull size-full\"><img loading=\"lazy\" decoding=\"async\" width=\"1000\" height=\"771\" src=\"https:\/\/www.eosverona.com\/new\/wp-content\/uploads\/2024\/06\/impianti-completi-5.jpg\" alt=\"\" class=\"wp-image-466\" srcset=\"https:\/\/www.eosverona.com\/new\/wp-content\/uploads\/2024\/06\/impianti-completi-5.jpg 1000w, https:\/\/www.eosverona.com\/new\/wp-content\/uploads\/2024\/06\/impianti-completi-5-300x231.jpg 300w, https:\/\/www.eosverona.com\/new\/wp-content\/uploads\/2024\/06\/impianti-completi-5-768x592.jpg 768w\" sizes=\"(max-width: 1000px) 100vw, 1000px\" \/><\/figure>\n\n\n\n<figure class=\"wp-block-image alignfull size-full\"><img loading=\"lazy\" decoding=\"async\" width=\"986\" height=\"1016\" src=\"https:\/\/www.eosverona.com\/new\/wp-content\/uploads\/2024\/06\/impianti-completi-9.jpg\" alt=\"\" class=\"wp-image-467\" srcset=\"https:\/\/www.eosverona.com\/new\/wp-content\/uploads\/2024\/06\/impianti-completi-9.jpg 986w, https:\/\/www.eosverona.com\/new\/wp-content\/uploads\/2024\/06\/impianti-completi-9-291x300.jpg 291w, https:\/\/www.eosverona.com\/new\/wp-content\/uploads\/2024\/06\/impianti-completi-9-768x791.jpg 768w\" sizes=\"(max-width: 986px) 100vw, 986px\" \/><\/figure>\n\n\n\n<figure class=\"wp-block-image alignfull size-large\"><img loading=\"lazy\" decoding=\"async\" width=\"1024\" height=\"781\" src=\"https:\/\/www.eosverona.com\/new\/wp-content\/uploads\/2024\/06\/impianti-completi-11-1024x781.jpg\" alt=\"\" class=\"wp-image-476\" srcset=\"https:\/\/www.eosverona.com\/new\/wp-content\/uploads\/2024\/06\/impianti-completi-11-1024x781.jpg 1024w, https:\/\/www.eosverona.com\/new\/wp-content\/uploads\/2024\/06\/impianti-completi-11-300x229.jpg 300w, https:\/\/www.eosverona.com\/new\/wp-content\/uploads\/2024\/06\/impianti-completi-11-768x586.jpg 768w, https:\/\/www.eosverona.com\/new\/wp-content\/uploads\/2024\/06\/impianti-completi-11.jpg 1434w\" sizes=\"(max-width: 1024px) 100vw, 1024px\" \/><\/figure>\n\n\n\n<figure class=\"wp-block-image alignfull size-large\"><img loading=\"lazy\" decoding=\"async\" width=\"939\" height=\"712\" src=\"https:\/\/www.eosverona.com\/new\/wp-content\/uploads\/2024\/06\/impianti-completi-15.jpg\" alt=\"\" class=\"wp-image-477\" srcset=\"https:\/\/www.eosverona.com\/new\/wp-content\/uploads\/2024\/06\/impianti-completi-15.jpg 939w, https:\/\/www.eosverona.com\/new\/wp-content\/uploads\/2024\/06\/impianti-completi-15-300x227.jpg 300w, https:\/\/www.eosverona.com\/new\/wp-content\/uploads\/2024\/06\/impianti-completi-15-768x582.jpg 768w\" sizes=\"(max-width: 939px) 100vw, 939px\" \/><\/figure>\n\n\n\n<figure class=\"wp-block-image alignfull size-large\"><img loading=\"lazy\" decoding=\"async\" width=\"989\" height=\"1024\" src=\"https:\/\/www.eosverona.com\/new\/wp-content\/uploads\/2024\/06\/impianti-completi-19-989x1024.jpg\" alt=\"\" class=\"wp-image-475\" srcset=\"https:\/\/www.eosverona.com\/new\/wp-content\/uploads\/2024\/06\/impianti-completi-19-989x1024.jpg 989w, https:\/\/www.eosverona.com\/new\/wp-content\/uploads\/2024\/06\/impianti-completi-19-290x300.jpg 290w, https:\/\/www.eosverona.com\/new\/wp-content\/uploads\/2024\/06\/impianti-completi-19-768x795.jpg 768w, https:\/\/www.eosverona.com\/new\/wp-content\/uploads\/2024\/06\/impianti-completi-19.jpg 1026w\" sizes=\"(max-width: 989px) 100vw, 989px\" \/><\/figure>\n<\/div>\n<\/div>\n","protected":false},"excerpt":{"rendered":"<p>PLANTAS COMPLETAS para la PRODUCCI\u00d3N DE PELLET en general Plantas simples o muy articuladas, con distintas medidas y con diferente [&hellip;]<\/p>\n","protected":false},"author":1,"featured_media":0,"parent":0,"menu_order":0,"comment_status":"closed","ping_status":"closed","template":"","meta":{"site-sidebar-layout":"default","site-content-layout":"","ast-site-content-layout":"","site-content-style":"default","site-sidebar-style":"default","ast-global-header-display":"","ast-banner-title-visibility":"","ast-main-header-display":"","ast-hfb-above-header-display":"","ast-hfb-below-header-display":"","ast-hfb-mobile-header-display":"","site-post-title":"disabled","ast-breadcrumbs-content":"","ast-featured-img":"","footer-sml-layout":"","theme-transparent-header-meta":"","adv-header-id-meta":"","stick-header-meta":"","header-above-stick-meta":"","header-main-stick-meta":"","header-below-stick-meta":"","astra-migrate-meta-layouts":"default","ast-page-background-enabled":"default","ast-page-background-meta":{"desktop":{"background-color":"var(--ast-global-color-4)","background-image":"","background-repeat":"repeat","background-position":"center center","background-size":"auto","background-attachment":"scroll","background-type":"","background-media":"","overlay-type":"","overlay-color":"","overlay-gradient":""},"tablet":{"background-color":"","background-image":"","background-repeat":"repeat","background-position":"center center","background-size":"auto","background-attachment":"scroll","background-type":"","background-media":"","overlay-type":"","overlay-color":"","overlay-gradient":""},"mobile":{"background-color":"","background-image":"","background-repeat":"repeat","background-position":"center center","background-size":"auto","background-attachment":"scroll","background-type":"","background-media":"","overlay-type":"","overlay-color":"","overlay-gradient":""}},"ast-content-background-meta":{"desktop":{"background-color":"var(--ast-global-color-5)","background-image":"","background-repeat":"repeat","background-position":"center center","background-size":"auto","background-attachment":"scroll","background-type":"","background-media":"","overlay-type":"","overlay-color":"","overlay-gradient":""},"tablet":{"background-color":"var(--ast-global-color-5)","background-image":"","background-repeat":"repeat","background-position":"center center","background-size":"auto","background-attachment":"scroll","background-type":"","background-media":"","overlay-type":"","overlay-color":"","overlay-gradient":""},"mobile":{"background-color":"var(--ast-global-color-5)","background-image":"","background-repeat":"repeat","background-position":"center center","background-size":"auto","background-attachment":"scroll","background-type":"","background-media":"","overlay-type":"","overlay-color":"","overlay-gradient":""}},"footnotes":""},"_links":{"self":[{"href":"https:\/\/www.eosverona.com\/new\/wp-json\/wp\/v2\/pages\/1089"}],"collection":[{"href":"https:\/\/www.eosverona.com\/new\/wp-json\/wp\/v2\/pages"}],"about":[{"href":"https:\/\/www.eosverona.com\/new\/wp-json\/wp\/v2\/types\/page"}],"author":[{"embeddable":true,"href":"https:\/\/www.eosverona.com\/new\/wp-json\/wp\/v2\/users\/1"}],"replies":[{"embeddable":true,"href":"https:\/\/www.eosverona.com\/new\/wp-json\/wp\/v2\/comments?post=1089"}],"version-history":[{"count":2,"href":"https:\/\/www.eosverona.com\/new\/wp-json\/wp\/v2\/pages\/1089\/revisions"}],"predecessor-version":[{"id":1320,"href":"https:\/\/www.eosverona.com\/new\/wp-json\/wp\/v2\/pages\/1089\/revisions\/1320"}],"wp:attachment":[{"href":"https:\/\/www.eosverona.com\/new\/wp-json\/wp\/v2\/media?parent=1089"}],"curies":[{"name":"wp","href":"https:\/\/api.w.org\/{rel}","templated":true}]}}