{"id":1079,"date":"2024-09-03T08:26:40","date_gmt":"2024-09-03T06:26:40","guid":{"rendered":"https:\/\/www.eosverona.com\/new\/?page_id=1079"},"modified":"2024-10-31T18:55:36","modified_gmt":"2024-10-31T17:55:36","slug":"contatti-2","status":"publish","type":"page","link":"https:\/\/www.eosverona.com\/new\/es\/contatti-2\/","title":{"rendered":"Contatti"},"content":{"rendered":"\n<h2 class=\"wp-block-heading has-text-align-center has-x-large-font-size\">COMO CONTACTARNOS<\/h2>\n\n\n\n<p>Estamos a su disposici\u00f3n para la asesoria tecnologica y comercial, as\u00ec como para el estudio de viabilidad y de planeaci\u00f3n de sistemas espec\u00edficos o maquinaria individual para el sector del peletizado en general. Tenemos un eficiente laboratorio de pruebas perfectamiente adecuado para efectuar varios tipos de test y verificar la posibilidad de compactaci\u00f3n de distintos materiales y compuestos.<br>Planeamos y abstecimos repuestos industriales estandard y especiales, as\u00ec como materiales y repuestos de desgaste, incluida la expedici\u00f3n de la mercaderia desde nuestra sede hasta a destino final del Cliente. Brindamos tambien el servicio de regeneraci\u00f3n de matrizes y de rolos desgastados para produci\u00f3n de pellets, la revisi\u00f3n de peletizadoras de cualquier model, el servicio de modernizaci\u00f3n de plantas existentes.<br>Garantizamos tambien la puesta en marcha y en servicio de plantas especificas del sector del peletizado, con automaci\u00f3n industrial simple o compleja.<\/p>\n\n\n\n<p class=\"has-ast-global-color-1-color has-text-color has-link-color has-large-font-size wp-elements-327fed1e39e191a2a81149f719141d27\"><strong>Podran contactar la empresa EOS:<\/strong><\/p>\n\n\n\n<p>Por telefono, llamen&nbsp;<a href=\"tel:+393464902813\">+39 346 4902813<\/a><\/p>\n\n\n\n<p>Por e-mail a enviarse a &nbsp;<a href=\"tel:+393464902813\">info@eosverona.com<\/a><\/p>\n\n\n\n<p>Por medio de whatsapp, al&nbsp;<a href=\"https:\/\/wa.me\/+393464902813\">+39 346 4902813<\/a><\/p>\n\n\n<style id=\"wpforms-css-vars-root\">\n\t\t\t\t:root {\n\t\t\t\t\t--wpforms-field-border-radius: 3px;\n--wpforms-field-background-color: #ffffff;\n--wpforms-field-border-color: rgba( 0, 0, 0, 0.25 );\n--wpforms-field-text-color: rgba( 0, 0, 0, 0.7 );\n--wpforms-label-color: rgba( 0, 0, 0, 0.85 );\n--wpforms-label-sublabel-color: rgba( 0, 0, 0, 0.55 );\n--wpforms-label-error-color: #d63637;\n--wpforms-button-border-radius: 3px;\n--wpforms-button-background-color: #066aab;\n--wpforms-button-text-color: #ffffff;\n--wpforms-page-break-color: #066aab;\n--wpforms-field-size-input-height: 43px;\n--wpforms-field-size-input-spacing: 15px;\n--wpforms-field-size-font-size: 16px;\n--wpforms-field-size-line-height: 19px;\n--wpforms-field-size-padding-h: 14px;\n--wpforms-field-size-checkbox-size: 16px;\n--wpforms-field-size-sublabel-spacing: 5px;\n--wpforms-field-size-icon-size: 1;\n--wpforms-label-size-font-size: 16px;\n--wpforms-label-size-line-height: 19px;\n--wpforms-label-size-sublabel-font-size: 14px;\n--wpforms-label-size-sublabel-line-height: 17px;\n--wpforms-button-size-font-size: 17px;\n--wpforms-button-size-height: 41px;\n--wpforms-button-size-padding-h: 15px;\n--wpforms-button-size-margin-top: 10px;\n\n\t\t\t\t}\n\t\t\t<\/style><div class=\"wpforms-container wpforms-container-full wpforms-block wpforms-block-362a4a7c-f34d-4663-8254-6582b40ad6ad wpforms-render-modern\" id=\"wpforms-1410\"><form id=\"wpforms-form-1410\" class=\"wpforms-validate wpforms-form wpforms-ajax-form\" data-formid=\"1410\" method=\"post\" enctype=\"multipart\/form-data\" action=\"\/new\/wp-json\/wp\/v2\/pages\/1079\" data-token=\"1a631c9301641cfb2648c041d6a4ee3b\"><noscript class=\"wpforms-error-noscript\">Please enable JavaScript in your browser to complete this form.<\/noscript><div class=\"wpforms-hidden\" id=\"wpforms-error-noscript\">Please enable JavaScript in your browser to complete this form.<\/div><div class=\"wpforms-field-container\"><div id=\"wpforms-1410-field_1-container\" class=\"wpforms-field wpforms-field-name\" data-field-id=\"1\"><label class=\"wpforms-field-label\" for=\"wpforms-1410-field_1\">Nombre y Apellido <span class=\"wpforms-required-label\" aria-hidden=\"true\">*<\/span><\/label><input type=\"text\" id=\"wpforms-1410-field_1\" class=\"wpforms-field-large wpforms-field-required\" name=\"wpforms[fields][1]\" aria-errormessage=\"wpforms-1410-field_1-error\" required><\/div><div id=\"wpforms-1410-field_2-container\" class=\"wpforms-field wpforms-field-text\" data-field-id=\"2\"><label class=\"wpforms-field-label\" for=\"wpforms-1410-field_2\">Empresa <span class=\"wpforms-required-label\" aria-hidden=\"true\">*<\/span><\/label><input type=\"text\" id=\"wpforms-1410-field_2\" class=\"wpforms-field-large wpforms-field-required\" name=\"wpforms[fields][2]\" aria-errormessage=\"wpforms-1410-field_2-error\" required><\/div><div id=\"wpforms-1410-field_3-container\" class=\"wpforms-field wpforms-field-text\" data-field-id=\"3\"><label class=\"wpforms-field-label\" for=\"wpforms-1410-field_3\">Direcci\u00f2n <span class=\"wpforms-required-label\" aria-hidden=\"true\">*<\/span><\/label><input type=\"text\" id=\"wpforms-1410-field_3\" class=\"wpforms-field-large wpforms-field-required\" name=\"wpforms[fields][3]\" aria-errormessage=\"wpforms-1410-field_3-error\" required><\/div><div id=\"wpforms-1410-field_4-container\" class=\"wpforms-field wpforms-field-text\" data-field-id=\"4\"><label class=\"wpforms-field-label\" for=\"wpforms-1410-field_4\">Ciudad &#8211; Provincia <span class=\"wpforms-required-label\" aria-hidden=\"true\">*<\/span><\/label><input type=\"text\" id=\"wpforms-1410-field_4\" class=\"wpforms-field-large wpforms-field-required\" name=\"wpforms[fields][4]\" aria-errormessage=\"wpforms-1410-field_4-error\" required><\/div><div id=\"wpforms-1410-field_5-container\" class=\"wpforms-field wpforms-field-text\" data-field-id=\"5\"><label class=\"wpforms-field-label\" for=\"wpforms-1410-field_5\">Tel. \/ Cell. <span class=\"wpforms-required-label\" aria-hidden=\"true\">*<\/span><\/label><input type=\"text\" id=\"wpforms-1410-field_5\" class=\"wpforms-field-large wpforms-field-required\" name=\"wpforms[fields][5]\" aria-errormessage=\"wpforms-1410-field_5-error\" required><\/div><div id=\"wpforms-1410-field_6-container\" class=\"wpforms-field wpforms-field-email\" data-field-id=\"6\"><label class=\"wpforms-field-label\" for=\"wpforms-1410-field_6\">Email <span class=\"wpforms-required-label\" aria-hidden=\"true\">*<\/span><\/label><input type=\"email\" id=\"wpforms-1410-field_6\" class=\"wpforms-field-large wpforms-field-required\" name=\"wpforms[fields][6]\" spellcheck=\"false\" aria-errormessage=\"wpforms-1410-field_6-error\" required><\/div><div id=\"wpforms-1410-field_7-container\" class=\"wpforms-field wpforms-field-textarea\" data-field-id=\"7\"><label class=\"wpforms-field-label\" for=\"wpforms-1410-field_7\">Razon de la requerida <span class=\"wpforms-required-label\" aria-hidden=\"true\">*<\/span><\/label><textarea id=\"wpforms-1410-field_7\" class=\"wpforms-field-medium wpforms-field-required\" name=\"wpforms[fields][7]\" aria-errormessage=\"wpforms-1410-field_7-error\" required><\/textarea><\/div><\/div><!-- .wpforms-field-container --><div class=\"wpforms-submit-container\" ><input type=\"hidden\" name=\"wpforms[id]\" value=\"1410\"><input type=\"hidden\" name=\"wpforms[author]\" value=\"1\"><button type=\"submit\" name=\"wpforms[submit]\" id=\"wpforms-submit-1410\" class=\"wpforms-submit\" data-alt-text=\"Enviar...\" data-submit-text=\"Enviar\" aria-live=\"assertive\" value=\"wpforms-submit\">Enviar<\/button><img loading=\"lazy\" decoding=\"async\" src=\"https:\/\/www.eosverona.com\/new\/wp-content\/plugins\/wpforms-lite\/assets\/images\/submit-spin.svg\" class=\"wpforms-submit-spinner\" style=\"display: none;\" width=\"26\" height=\"26\" alt=\"Loading\"><\/div><\/form><\/div>  <!-- .wpforms-container -->\n\n\n<p class=\"has-vivid-red-color has-text-color has-link-color wp-elements-352bc31f97466da89698467e4a6274a5\">*Campo obligatorio<\/p>\n","protected":false},"excerpt":{"rendered":"<p>COMO CONTACTARNOS Estamos a su disposici\u00f3n para la asesoria tecnologica y comercial, as\u00ec como para el estudio de viabilidad y [&hellip;]<\/p>\n","protected":false},"author":1,"featured_media":0,"parent":0,"menu_order":0,"comment_status":"closed","ping_status":"closed","template":"","meta":{"site-sidebar-layout":"no-sidebar","site-content-layout":"","ast-site-content-layout":"normal-width-container","site-content-style":"default","site-sidebar-style":"default","ast-global-header-display":"","ast-banner-title-visibility":"","ast-main-header-display":"","ast-hfb-above-header-display":"","ast-hfb-below-header-display":"","ast-hfb-mobile-header-display":"","site-post-title":"disabled","ast-breadcrumbs-content":"","ast-featured-img":"disabled","footer-sml-layout":"","theme-transparent-header-meta":"","adv-header-id-meta":"","stick-header-meta":"","header-above-stick-meta":"","header-main-stick-meta":"","header-below-stick-meta":"","astra-migrate-meta-layouts":"default","ast-page-background-enabled":"default","ast-page-background-meta":{"desktop":{"background-color":"var(--ast-global-color-4)","background-image":"","background-repeat":"repeat","background-position":"center center","background-size":"auto","background-attachment":"scroll","background-type":"","background-media":"","overlay-type":"","overlay-color":"","overlay-gradient":""},"tablet":{"background-color":"","background-image":"","background-repeat":"repeat","background-position":"center center","background-size":"auto","background-attachment":"scroll","background-type":"","background-media":"","overlay-type":"","overlay-color":"","overlay-gradient":""},"mobile":{"background-color":"","background-image":"","background-repeat":"repeat","background-position":"center center","background-size":"auto","background-attachment":"scroll","background-type":"","background-media":"","overlay-type":"","overlay-color":"","overlay-gradient":""}},"ast-content-background-meta":{"desktop":{"background-color":"var(--ast-global-color-5)","background-image":"","background-repeat":"repeat","background-position":"center center","background-size":"auto","background-attachment":"scroll","background-type":"","background-media":"","overlay-type":"","overlay-color":"","overlay-gradient":""},"tablet":{"background-color":"var(--ast-global-color-5)","background-image":"","background-repeat":"repeat","background-position":"center center","background-size":"auto","background-attachment":"scroll","background-type":"","background-media":"","overlay-type":"","overlay-color":"","overlay-gradient":""},"mobile":{"background-color":"var(--ast-global-color-5)","background-image":"","background-repeat":"repeat","background-position":"center center","background-size":"auto","background-attachment":"scroll","background-type":"","background-media":"","overlay-type":"","overlay-color":"","overlay-gradient":""}},"footnotes":""},"_links":{"self":[{"href":"https:\/\/www.eosverona.com\/new\/wp-json\/wp\/v2\/pages\/1079"}],"collection":[{"href":"https:\/\/www.eosverona.com\/new\/wp-json\/wp\/v2\/pages"}],"about":[{"href":"https:\/\/www.eosverona.com\/new\/wp-json\/wp\/v2\/types\/page"}],"author":[{"embeddable":true,"href":"https:\/\/www.eosverona.com\/new\/wp-json\/wp\/v2\/users\/1"}],"replies":[{"embeddable":true,"href":"https:\/\/www.eosverona.com\/new\/wp-json\/wp\/v2\/comments?post=1079"}],"version-history":[{"count":7,"href":"https:\/\/www.eosverona.com\/new\/wp-json\/wp\/v2\/pages\/1079\/revisions"}],"predecessor-version":[{"id":1423,"href":"https:\/\/www.eosverona.com\/new\/wp-json\/wp\/v2\/pages\/1079\/revisions\/1423"}],"wp:attachment":[{"href":"https:\/\/www.eosverona.com\/new\/wp-json\/wp\/v2\/media?parent=1079"}],"curies":[{"name":"wp","href":"https:\/\/api.w.org\/{rel}","templated":true}]}}